{"id":436,"date":"2020-01-11T00:25:51","date_gmt":"2020-01-10T23:25:51","guid":{"rendered":"http:\/\/vmits0596.vm.ruhr-uni-bochum.de\/gruppe1\/?page_id=436"},"modified":"2020-01-21T21:15:29","modified_gmt":"2020-01-21T20:15:29","slug":"statistiken-2","status":"publish","type":"page","link":"http:\/\/datastories.rub.de\/gruppe1\/?page_id=436","title":{"rendered":"Statistiken"},"content":{"rendered":"\t\t<div data-elementor-type=\"wp-page\" data-elementor-id=\"436\" class=\"elementor elementor-436\">\n\t\t\t\t\t\t<section class=\"elementor-section elementor-top-section elementor-element elementor-element-f876609 elementor-section-boxed elementor-section-height-default elementor-section-height-default\" data-id=\"f876609\" data-element_type=\"section\">\n\t\t\t\t\t\t<div class=\"elementor-container elementor-column-gap-default\">\n\t\t\t\t\t<div class=\"elementor-column elementor-col-100 elementor-top-column elementor-element elementor-element-36ec017\" data-id=\"36ec017\" data-element_type=\"column\">\n\t\t\t<div class=\"elementor-widget-wrap elementor-element-populated\">\n\t\t\t\t\t\t<div class=\"elementor-element elementor-element-a220671 elementor-hidden-phone elementor-invisible elementor-widget elementor-widget-heading\" data-id=\"a220671\" data-element_type=\"widget\" data-settings=\"{&quot;_animation&quot;:&quot;fadeInLeft&quot;}\" data-widget_type=\"heading.default\">\n\t\t\t\t<div class=\"elementor-widget-container\">\n\t\t\t<h2 class=\"elementor-heading-title elementor-size-default\">Statistiken<\/h2>\t\t<\/div>\n\t\t\t\t<\/div>\n\t\t\t\t\t<\/div>\n\t\t<\/div>\n\t\t\t\t\t<\/div>\n\t\t<\/section>\n\t\t\t\t<section class=\"elementor-section elementor-top-section elementor-element elementor-element-e99c3be elementor-section-boxed elementor-section-height-default elementor-section-height-default\" data-id=\"e99c3be\" data-element_type=\"section\">\n\t\t\t\t\t\t<div class=\"elementor-container elementor-column-gap-default\">\n\t\t\t\t\t<div class=\"elementor-column elementor-col-100 elementor-top-column elementor-element elementor-element-27641b7\" data-id=\"27641b7\" data-element_type=\"column\">\n\t\t\t<div class=\"elementor-widget-wrap elementor-element-populated\">\n\t\t\t\t\t\t<div class=\"elementor-element elementor-element-ce1cf0f elementor-hidden-desktop elementor-hidden-tablet elementor-invisible elementor-widget elementor-widget-heading\" data-id=\"ce1cf0f\" data-element_type=\"widget\" data-settings=\"{&quot;_animation&quot;:&quot;fadeInLeft&quot;}\" data-widget_type=\"heading.default\">\n\t\t\t\t<div class=\"elementor-widget-container\">\n\t\t\t<h2 class=\"elementor-heading-title elementor-size-default\">Statistiken<\/h2>\t\t<\/div>\n\t\t\t\t<\/div>\n\t\t\t\t\t<\/div>\n\t\t<\/div>\n\t\t\t\t\t<\/div>\n\t\t<\/section>\n\t\t\t\t<section class=\"elementor-section elementor-top-section elementor-element elementor-element-c73c928 elementor-section-boxed elementor-section-height-default elementor-section-height-default\" data-id=\"c73c928\" data-element_type=\"section\">\n\t\t\t\t\t\t<div class=\"elementor-container elementor-column-gap-default\">\n\t\t\t\t\t<div class=\"elementor-column elementor-col-50 elementor-top-column elementor-element elementor-element-2e36448\" data-id=\"2e36448\" data-element_type=\"column\">\n\t\t\t<div class=\"elementor-widget-wrap elementor-element-populated\">\n\t\t\t\t\t\t<div class=\"elementor-element elementor-element-e5d9053 elementor-invisible elementor-widget elementor-widget-image\" data-id=\"e5d9053\" data-element_type=\"widget\" data-settings=\"{&quot;_animation&quot;:&quot;fadeInLeft&quot;}\" data-widget_type=\"image.default\">\n\t\t\t\t<div class=\"elementor-widget-container\">\n\t\t\t\t\t\t\t\t\t\t\t\t\t\t<a href=\"http:\/\/vmits0596.vm.ruhr-uni-bochum.de\/gruppe1\/wp-content\/uploads\/2020\/01\/Grafik_nrw_vers1.png\" data-elementor-open-lightbox=\"yes\" data-elementor-lightbox-title=\"Grafik_nrw_vers1\" data-e-action-hash=\"#elementor-action%3Aaction%3Dlightbox%26settings%3DeyJpZCI6NjM1LCJ1cmwiOiJodHRwOlwvXC9kYXRhc3Rvcmllcy5ydWIuZGVcL2dydXBwZTFcL3dwLWNvbnRlbnRcL3VwbG9hZHNcLzIwMjBcLzAxXC9HcmFmaWtfbnJ3X3ZlcnMxLnBuZyJ9\">\n\t\t\t\t\t\t\t<img fetchpriority=\"high\" decoding=\"async\" width=\"941\" height=\"1024\" src=\"http:\/\/datastories.rub.de\/gruppe1\/wp-content\/uploads\/2020\/01\/Grafik_nrw_vers1-941x1024.png\" class=\"attachment-large size-large wp-image-635\" alt=\"\" srcset=\"http:\/\/datastories.rub.de\/gruppe1\/wp-content\/uploads\/2020\/01\/Grafik_nrw_vers1-941x1024.png 941w, http:\/\/datastories.rub.de\/gruppe1\/wp-content\/uploads\/2020\/01\/Grafik_nrw_vers1-276x300.png 276w, http:\/\/datastories.rub.de\/gruppe1\/wp-content\/uploads\/2020\/01\/Grafik_nrw_vers1-768x836.png 768w, http:\/\/datastories.rub.de\/gruppe1\/wp-content\/uploads\/2020\/01\/Grafik_nrw_vers1-1411x1536.png 1411w, http:\/\/datastories.rub.de\/gruppe1\/wp-content\/uploads\/2020\/01\/Grafik_nrw_vers1-1881x2048.png 1881w\" sizes=\"(max-width: 941px) 100vw, 941px\" \/>\t\t\t\t\t\t\t\t<\/a>\n\t\t\t\t\t\t\t\t\t\t\t\t\t<\/div>\n\t\t\t\t<\/div>\n\t\t\t\t\t<\/div>\n\t\t<\/div>\n\t\t\t\t<div class=\"elementor-column elementor-col-50 elementor-top-column elementor-element elementor-element-ec13ae0\" data-id=\"ec13ae0\" data-element_type=\"column\">\n\t\t\t<div class=\"elementor-widget-wrap elementor-element-populated\">\n\t\t\t\t\t\t<div class=\"elementor-element elementor-element-f1672d8 elementor-invisible elementor-widget elementor-widget-image\" data-id=\"f1672d8\" data-element_type=\"widget\" data-settings=\"{&quot;_animation&quot;:&quot;fadeInRight&quot;}\" data-widget_type=\"image.default\">\n\t\t\t\t<div class=\"elementor-widget-container\">\n\t\t\t\t\t\t\t\t\t\t\t\t\t\t<a href=\"http:\/\/vmits0596.vm.ruhr-uni-bochum.de\/gruppe1\/wp-content\/uploads\/2020\/01\/Grafik_de_vers1.png\" data-elementor-open-lightbox=\"yes\" data-elementor-lightbox-title=\"Grafik_de_vers1\" data-e-action-hash=\"#elementor-action%3Aaction%3Dlightbox%26settings%3DeyJpZCI6NjM2LCJ1cmwiOiJodHRwOlwvXC9kYXRhc3Rvcmllcy5ydWIuZGVcL2dydXBwZTFcL3dwLWNvbnRlbnRcL3VwbG9hZHNcLzIwMjBcLzAxXC9HcmFmaWtfZGVfdmVyczEucG5nIn0%3D\">\n\t\t\t\t\t\t\t<img decoding=\"async\" width=\"940\" height=\"1024\" src=\"http:\/\/datastories.rub.de\/gruppe1\/wp-content\/uploads\/2020\/01\/Grafik_de_vers1-940x1024.png\" class=\"attachment-large size-large wp-image-636\" alt=\"\" srcset=\"http:\/\/datastories.rub.de\/gruppe1\/wp-content\/uploads\/2020\/01\/Grafik_de_vers1-940x1024.png 940w, http:\/\/datastories.rub.de\/gruppe1\/wp-content\/uploads\/2020\/01\/Grafik_de_vers1-276x300.png 276w, http:\/\/datastories.rub.de\/gruppe1\/wp-content\/uploads\/2020\/01\/Grafik_de_vers1-768x836.png 768w, http:\/\/datastories.rub.de\/gruppe1\/wp-content\/uploads\/2020\/01\/Grafik_de_vers1-1411x1536.png 1411w, http:\/\/datastories.rub.de\/gruppe1\/wp-content\/uploads\/2020\/01\/Grafik_de_vers1-1881x2048.png 1881w\" sizes=\"(max-width: 940px) 100vw, 940px\" \/>\t\t\t\t\t\t\t\t<\/a>\n\t\t\t\t\t\t\t\t\t\t\t\t\t<\/div>\n\t\t\t\t<\/div>\n\t\t\t\t\t<\/div>\n\t\t<\/div>\n\t\t\t\t\t<\/div>\n\t\t<\/section>\n\t\t\t\t<section class=\"elementor-section elementor-top-section elementor-element elementor-element-a40dd43 elementor-section-boxed elementor-section-height-default elementor-section-height-default\" data-id=\"a40dd43\" data-element_type=\"section\">\n\t\t\t\t\t\t<div class=\"elementor-container elementor-column-gap-default\">\n\t\t\t\t\t<div class=\"elementor-column elementor-col-100 elementor-top-column elementor-element elementor-element-8bc8131\" data-id=\"8bc8131\" data-element_type=\"column\">\n\t\t\t<div class=\"elementor-widget-wrap elementor-element-populated\">\n\t\t\t\t\t\t<div class=\"elementor-element elementor-element-5db9030 elementor-hidden-phone elementor-invisible elementor-widget elementor-widget-heading\" data-id=\"5db9030\" data-element_type=\"widget\" data-settings=\"{&quot;_animation&quot;:&quot;fadeInLeft&quot;}\" data-widget_type=\"heading.default\">\n\t\t\t\t<div class=\"elementor-widget-container\">\n\t\t\t<h2 class=\"elementor-heading-title elementor-size-default\">Einordnung<\/h2>\t\t<\/div>\n\t\t\t\t<\/div>\n\t\t\t\t\t<\/div>\n\t\t<\/div>\n\t\t\t\t\t<\/div>\n\t\t<\/section>\n\t\t\t\t<section class=\"elementor-section elementor-top-section elementor-element elementor-element-3356efd elementor-section-boxed elementor-section-height-default elementor-section-height-default\" data-id=\"3356efd\" data-element_type=\"section\">\n\t\t\t\t\t\t<div class=\"elementor-container elementor-column-gap-default\">\n\t\t\t\t\t<div class=\"elementor-column elementor-col-100 elementor-top-column elementor-element elementor-element-e96109a\" data-id=\"e96109a\" data-element_type=\"column\">\n\t\t\t<div class=\"elementor-widget-wrap elementor-element-populated\">\n\t\t\t\t\t\t<div class=\"elementor-element elementor-element-ed2a358 elementor-hidden-desktop elementor-hidden-tablet elementor-invisible elementor-widget elementor-widget-heading\" data-id=\"ed2a358\" data-element_type=\"widget\" data-settings=\"{&quot;_animation&quot;:&quot;fadeInLeft&quot;}\" data-widget_type=\"heading.default\">\n\t\t\t\t<div class=\"elementor-widget-container\">\n\t\t\t<h2 class=\"elementor-heading-title elementor-size-default\">Einordnung<\/h2>\t\t<\/div>\n\t\t\t\t<\/div>\n\t\t\t\t\t<\/div>\n\t\t<\/div>\n\t\t\t\t\t<\/div>\n\t\t<\/section>\n\t\t\t\t<section class=\"elementor-section elementor-top-section elementor-element elementor-element-3d4013d elementor-section-boxed elementor-section-height-default elementor-section-height-default\" data-id=\"3d4013d\" data-element_type=\"section\">\n\t\t\t\t\t\t<div class=\"elementor-container elementor-column-gap-default\">\n\t\t\t\t\t<div class=\"elementor-column elementor-col-33 elementor-top-column elementor-element elementor-element-706301d\" data-id=\"706301d\" data-element_type=\"column\">\n\t\t\t<div class=\"elementor-widget-wrap elementor-element-populated\">\n\t\t\t\t\t\t<div class=\"elementor-element elementor-element-2b58e63 elementor-invisible elementor-widget elementor-widget-heading\" data-id=\"2b58e63\" data-element_type=\"widget\" data-settings=\"{&quot;_animation&quot;:&quot;fadeInLeft&quot;}\" data-widget_type=\"heading.default\">\n\t\t\t\t<div class=\"elementor-widget-container\">\n\t\t\t<h2 class=\"elementor-heading-title elementor-size-default\">NRW Trend<\/h2>\t\t<\/div>\n\t\t\t\t<\/div>\n\t\t\t\t<div class=\"elementor-element elementor-element-0375026 elementor-invisible elementor-widget elementor-widget-text-editor\" data-id=\"0375026\" data-element_type=\"widget\" data-settings=\"{&quot;_animation&quot;:&quot;fadeInLeft&quot;}\" data-widget_type=\"text-editor.default\">\n\t\t\t\t<div class=\"elementor-widget-container\">\n\t\t\t\t\t\t\t<p>Bei der Betrachtung der Daten zu den Tierseuchenbef\u00e4llen durch die Amerikanischen Faulbrut in NRW im Zeitraum von 1995 bis 2019 ist zu sehen, dass die Anzahl der F\u00e4lle von 1995 bis 2000 stark ansteigen, wo sie den insgesamt h\u00f6chsten Wert von 104 F\u00e4llen pro Jahr erreichen. Von da aus fallen die Werte bis 2006 ebenso stark auf den niedrigsten in der Zeitspanne gemessenen Wert. In den darauf folgenden Jahren halten sich die Werte zwar vergleichsweise moderat, jedoch findet sich kein stetiger Abw\u00e4rtstrend. 2019 steigt die Anzahl der F\u00e4lle pro Jahr sogar wieder auf 39.\u00a0<\/p>\t\t\t\t\t\t<\/div>\n\t\t\t\t<\/div>\n\t\t\t\t\t<\/div>\n\t\t<\/div>\n\t\t\t\t<div class=\"elementor-column elementor-col-33 elementor-top-column elementor-element elementor-element-c00bd11\" data-id=\"c00bd11\" data-element_type=\"column\">\n\t\t\t<div class=\"elementor-widget-wrap elementor-element-populated\">\n\t\t\t\t\t\t<div class=\"elementor-element elementor-element-3c61804 elementor-widget elementor-widget-spacer\" data-id=\"3c61804\" data-element_type=\"widget\" data-widget_type=\"spacer.default\">\n\t\t\t\t<div class=\"elementor-widget-container\">\n\t\t\t\t\t<div class=\"elementor-spacer\">\n\t\t\t<div class=\"elementor-spacer-inner\"><\/div>\n\t\t<\/div>\n\t\t\t\t<\/div>\n\t\t\t\t<\/div>\n\t\t\t\t<div class=\"elementor-element elementor-element-1246712 elementor-invisible elementor-widget elementor-widget-image\" data-id=\"1246712\" data-element_type=\"widget\" data-settings=\"{&quot;_animation&quot;:&quot;fadeInUp&quot;}\" data-widget_type=\"image.default\">\n\t\t\t\t<div class=\"elementor-widget-container\">\n\t\t\t\t\t\t\t\t\t\t\t\t\t<img decoding=\"async\" width=\"295\" height=\"300\" src=\"http:\/\/datastories.rub.de\/gruppe1\/wp-content\/uploads\/2020\/01\/Zeichnung4-295x300.png\" class=\"attachment-medium size-medium wp-image-448\" alt=\"\" srcset=\"http:\/\/datastories.rub.de\/gruppe1\/wp-content\/uploads\/2020\/01\/Zeichnung4-295x300.png 295w, http:\/\/datastories.rub.de\/gruppe1\/wp-content\/uploads\/2020\/01\/Zeichnung4-768x782.png 768w, http:\/\/datastories.rub.de\/gruppe1\/wp-content\/uploads\/2020\/01\/Zeichnung4.png 836w\" sizes=\"(max-width: 295px) 100vw, 295px\" \/>\t\t\t\t\t\t\t\t\t\t\t\t\t<\/div>\n\t\t\t\t<\/div>\n\t\t\t\t\t<\/div>\n\t\t<\/div>\n\t\t\t\t<div class=\"elementor-column elementor-col-33 elementor-top-column elementor-element elementor-element-7463418\" data-id=\"7463418\" data-element_type=\"column\">\n\t\t\t<div class=\"elementor-widget-wrap elementor-element-populated\">\n\t\t\t\t\t\t<div class=\"elementor-element elementor-element-f796d74 elementor-invisible elementor-widget elementor-widget-heading\" data-id=\"f796d74\" data-element_type=\"widget\" data-settings=\"{&quot;_animation&quot;:&quot;fadeInRight&quot;}\" data-widget_type=\"heading.default\">\n\t\t\t\t<div class=\"elementor-widget-container\">\n\t\t\t<h2 class=\"elementor-heading-title elementor-size-default\">Deutschland Trend\/ Fazit<\/h2>\t\t<\/div>\n\t\t\t\t<\/div>\n\t\t\t\t<div class=\"elementor-element elementor-element-4258a5a elementor-invisible elementor-widget elementor-widget-text-editor\" data-id=\"4258a5a\" data-element_type=\"widget\" data-settings=\"{&quot;_animation&quot;:&quot;fadeInRight&quot;}\" data-widget_type=\"text-editor.default\">\n\t\t\t\t<div class=\"elementor-widget-container\">\n\t\t\t\t\t\t\t<p>Eine \u00e4hnliche Entwicklung ist bei der Analyse des Verlaufs der F\u00e4lle im gesamten deutschen Gebiet im selben Zeitraum zu erkennen. Auffallend ist hier vor allen Dingen, dass der niedrigste Wert \u00fcber alle Jahre 2018 festzustellen ist. Des Weiteren schwanken hier die Werte \u00fcber den gesamten Zeitverlauf deutlich mehr, als im NRW Trend.<\/p>\n<p>Aus der Analyse der Daten ergibt sich aus unserer Sicht, die Notwendigkeit, geeignete Ma\u00dfnahmen zur Bek\u00e4mpfung der AFB zu finden. Das Monitoring der Amerikanischen Faulbrut soll hierzu einen Beitrag leisten.<\/p>\t\t\t\t\t\t<\/div>\n\t\t\t\t<\/div>\n\t\t\t\t\t<\/div>\n\t\t<\/div>\n\t\t\t\t\t<\/div>\n\t\t<\/section>\n\t\t\t\t<\/div>\n\t\t","protected":false},"excerpt":{"rendered":"<p>Statistiken Statistiken Einordnung Einordnung NRW Trend Bei der Betrachtung der Daten zu den Tierseuchenbef\u00e4llen durch die Amerikanischen Faulbrut in NRW im Zeitraum von 1995 bis 2019 ist zu sehen, dass die Anzahl der F\u00e4lle von 1995 bis 2000 stark ansteigen, wo sie den insgesamt h\u00f6chsten Wert von 104 F\u00e4llen pro Jahr erreichen. Von da aus [&hellip;]<\/p>\n","protected":false},"author":1,"featured_media":0,"parent":0,"menu_order":0,"comment_status":"closed","ping_status":"closed","template":"","meta":{"ocean_post_layout":"full-width","ocean_both_sidebars_style":"","ocean_both_sidebars_content_width":0,"ocean_both_sidebars_sidebars_width":0,"ocean_sidebar":"0","ocean_second_sidebar":"0","ocean_disable_margins":"enable","ocean_add_body_class":"","ocean_shortcode_before_top_bar":"","ocean_shortcode_after_top_bar":"","ocean_shortcode_before_header":"","ocean_shortcode_after_header":"","ocean_has_shortcode":"","ocean_shortcode_after_title":"","ocean_shortcode_before_footer_widgets":"","ocean_shortcode_after_footer_widgets":"","ocean_shortcode_before_footer_bottom":"","ocean_shortcode_after_footer_bottom":"","ocean_display_top_bar":"default","ocean_display_header":"default","ocean_header_style":"","ocean_center_header_left_menu":"0","ocean_custom_header_template":"0","ocean_custom_logo":0,"ocean_custom_retina_logo":0,"ocean_custom_logo_max_width":0,"ocean_custom_logo_tablet_max_width":0,"ocean_custom_logo_mobile_max_width":0,"ocean_custom_logo_max_height":0,"ocean_custom_logo_tablet_max_height":0,"ocean_custom_logo_mobile_max_height":0,"ocean_header_custom_menu":"0","ocean_menu_typo_font_family":"0","ocean_menu_typo_font_subset":"","ocean_menu_typo_font_size":0,"ocean_menu_typo_font_size_tablet":0,"ocean_menu_typo_font_size_mobile":0,"ocean_menu_typo_font_size_unit":"px","ocean_menu_typo_font_weight":"","ocean_menu_typo_font_weight_tablet":"","ocean_menu_typo_font_weight_mobile":"","ocean_menu_typo_transform":"","ocean_menu_typo_transform_tablet":"","ocean_menu_typo_transform_mobile":"","ocean_menu_typo_line_height":0,"ocean_menu_typo_line_height_tablet":0,"ocean_menu_typo_line_height_mobile":0,"ocean_menu_typo_line_height_unit":"","ocean_menu_typo_spacing":0,"ocean_menu_typo_spacing_tablet":0,"ocean_menu_typo_spacing_mobile":0,"ocean_menu_typo_spacing_unit":"","ocean_menu_link_color":"","ocean_menu_link_color_hover":"","ocean_menu_link_color_active":"","ocean_menu_link_background":"","ocean_menu_link_hover_background":"","ocean_menu_link_active_background":"","ocean_menu_social_links_bg":"","ocean_menu_social_hover_links_bg":"","ocean_menu_social_links_color":"","ocean_menu_social_hover_links_color":"","ocean_disable_title":"on","ocean_disable_heading":"default","ocean_post_title":"","ocean_post_subheading":"","ocean_post_title_style":"","ocean_post_title_background_color":"","ocean_post_title_background":0,"ocean_post_title_bg_image_position":"","ocean_post_title_bg_image_attachment":"","ocean_post_title_bg_image_repeat":"","ocean_post_title_bg_image_size":"","ocean_post_title_height":0,"ocean_post_title_bg_overlay":0.5,"ocean_post_title_bg_overlay_color":"","ocean_disable_breadcrumbs":"default","ocean_breadcrumbs_color":"","ocean_breadcrumbs_separator_color":"","ocean_breadcrumbs_links_color":"","ocean_breadcrumbs_links_hover_color":"","ocean_display_footer_widgets":"default","ocean_display_footer_bottom":"default","ocean_custom_footer_template":"0","footnotes":""},"class_list":["post-436","page","type-page","status-publish","hentry","entry"],"_links":{"self":[{"href":"http:\/\/datastories.rub.de\/gruppe1\/index.php?rest_route=\/wp\/v2\/pages\/436","targetHints":{"allow":["GET"]}}],"collection":[{"href":"http:\/\/datastories.rub.de\/gruppe1\/index.php?rest_route=\/wp\/v2\/pages"}],"about":[{"href":"http:\/\/datastories.rub.de\/gruppe1\/index.php?rest_route=\/wp\/v2\/types\/page"}],"author":[{"embeddable":true,"href":"http:\/\/datastories.rub.de\/gruppe1\/index.php?rest_route=\/wp\/v2\/users\/1"}],"replies":[{"embeddable":true,"href":"http:\/\/datastories.rub.de\/gruppe1\/index.php?rest_route=%2Fwp%2Fv2%2Fcomments&post=436"}],"version-history":[{"count":36,"href":"http:\/\/datastories.rub.de\/gruppe1\/index.php?rest_route=\/wp\/v2\/pages\/436\/revisions"}],"predecessor-version":[{"id":885,"href":"http:\/\/datastories.rub.de\/gruppe1\/index.php?rest_route=\/wp\/v2\/pages\/436\/revisions\/885"}],"wp:attachment":[{"href":"http:\/\/datastories.rub.de\/gruppe1\/index.php?rest_route=%2Fwp%2Fv2%2Fmedia&parent=436"}],"curies":[{"name":"wp","href":"https:\/\/api.w.org\/{rel}","templated":true}]}}